{"id":2388,"date":"2022-02-14T16:03:21","date_gmt":"2022-02-14T16:03:21","guid":{"rendered":"https:\/\/www.marbellaholidayrental.es\/aviso-legal\/"},"modified":"2022-05-10T10:26:32","modified_gmt":"2022-05-10T10:26:32","slug":"aviso-legal","status":"publish","type":"page","link":"https:\/\/www.marbellaholidayrental.es\/es\/aviso-legal\/","title":{"rendered":"Aviso Legal"},"content":{"rendered":"<p>En cumplimiento con el deber de informaci\u00f3n recogido en art\u00edculo 10 de la Ley 34\/2002, de 11 de julio, de Servicios de la Sociedad de la Informaci\u00f3n y del Comercio Electr\u00f3nico (LSSICE), el propietario de la web www.marbellaholidayrental.es, le informa de lo siguiente:<\/p>\n<ul>\n<li>Denominaci\u00f3n social: TERRASOL PROMOCIONES IBICENCAS, S.L.<\/li>\n<li>NIF: B83228437<\/li>\n<li>Domicilio: Calle La Morera 67, Urbanizaci\u00f3n El Mirador, 29602, M\u00e1laga (Marbella).<\/li>\n<\/ul>\n<p>Con los l\u00edmites establecidos en la ley, TERRASOL PROMOCIONES IBICENCAS, S.L.<\/p>\n<p>No asume ninguna responsabilidad derivada de la falta de veracidad, integridad, actualizaci\u00f3n y precisi\u00f3n de los datos o informaciones que contienen sus p\u00e1ginas web.<\/p>\n<p>Los contenidos e informaci\u00f3n no vinculan a TERRASOL PROMOCIONES IBICENCAS, S.L. ni constituyen opiniones, consejos o asesoramiento legal de ning\u00fan tipo pues se trata meramente de un servicio ofrecido con car\u00e1cter informativo y divulgativo.<\/p>\n<p>Las p\u00e1ginas de Internet de TERRASOL PROMOCIONES IBICENCAS, S.L. pueden contener enlaces (links) a otras p\u00e1ginas de terceras partes que TERRASOL PROMOCIONES IBICENCAS, S.L. no puede controlar. Por lo tanto, TERRASOL PROMOCIONES IBICENCAS, S.L. no puede asumir responsabilidades por el contenido que pueda aparecer en p\u00e1ginas de terceros.<\/p>\n<p>Los textos, im\u00e1genes, sonidos, animaciones, software y el resto de contenidos incluidos en este website son propiedad exclusiva de TERRASOL PROMOCIONES IBICENCAS, S.L. o sus licenciantes. Cualquier acto de transmisi\u00f3n, distribuci\u00f3n, cesi\u00f3n, reproducci\u00f3n, almacenamiento o comunicaci\u00f3n p\u00fablica total o parcial, deber\u00e1 contar con el consentimiento expreso de TERRASOL PROMOCIONES IBICENCAS, S.L.<\/p>\n<p>Asimismo, para acceder a algunos de los servicios que TERRASOL PROMOCIONES IBICENCAS, S.L. ofrece a trav\u00e9s del sitio web, deber\u00e1 proporcionar algunos datos de car\u00e1cter personal. En cumplimiento de lo establecido en el Reglamento (UE) 2016\/679 del Parlamento Europeo y del Consejo, de 27 de abril de 2016, relativo a la protecci\u00f3n de las personas f\u00edsicas en lo que respecta al tratamiento de datos personales y a la libre circulaci\u00f3n de estos datos le informamos que, mediante la cumplimentaci\u00f3n de los presentes formularios, sus datos personales quedar\u00e1n incorporados y ser\u00e1n tratados en los ficheros de TERRASOL PROMOCIONES IBICENCAS, S.L. con el fin de poderle prestar y ofrecer nuestros servicios as\u00ed como para informarle de las mejoras del sitio Web.<\/p>\n<p>Le informamos tambi\u00e9n de que tendr\u00e1 la posibilidad en todo momento de ejercer los derechos de acceso, rectificaci\u00f3n, cancelaci\u00f3n, oposici\u00f3n, limitaci\u00f3n y portabilidad de sus datos de car\u00e1cter personal, de manera gratuita mediante email a: info@marbellaholidayrental.es o en la direcci\u00f3n: Calle La Morera 67, Urbanizaci\u00f3n El Mirador, 29602. M\u00e1laga (Marbella).<\/p>\n","protected":false},"excerpt":{"rendered":"<p>En cumplimiento con el deber de informaci\u00f3n recogido en art\u00edculo 10 de la Ley 34\/2002, de 11 de julio, de Servicios de la Sociedad de la Informaci\u00f3n y del Comercio Electr\u00f3nico (LSSICE), el propietario de la web www.marbellaholidayrental.es, le informa de lo siguiente: Denominaci\u00f3n social: TERRASOL PROMOCIONES IBICENCAS, S.L. NIF: B83228437 Domicilio: Calle La Morera [&hellip;]<\/p>\n","protected":false},"author":1,"featured_media":0,"parent":0,"menu_order":0,"comment_status":"closed","ping_status":"closed","template":"elementor_header_footer","meta":{"footnotes":""},"class_list":["post-2388","page","type-page","status-publish","hentry"],"yoast_head":"<!-- This site is optimized with the Yoast SEO plugin v27.4 - https:\/\/yoast.com\/product\/yoast-seo-wordpress\/ -->\n<title>Aviso Legal | Marbella Holiday Rental<\/title>\n<meta name=\"robots\" content=\"noindex, nofollow\" \/>\n<meta property=\"og:locale\" content=\"es_ES\" \/>\n<meta property=\"og:type\" content=\"article\" \/>\n<meta property=\"og:title\" content=\"Aviso Legal | Marbella Holiday Rental\" \/>\n<meta property=\"og:description\" content=\"En cumplimiento con el deber de informaci\u00f3n recogido en art\u00edculo 10 de la Ley 34\/2002, de 11 de julio, de Servicios de la Sociedad de la Informaci\u00f3n y del Comercio Electr\u00f3nico (LSSICE), el propietario de la web www.marbellaholidayrental.es, le informa de lo siguiente: Denominaci\u00f3n social: TERRASOL PROMOCIONES IBICENCAS, S.L. NIF: B83228437 Domicilio: Calle La Morera [&hellip;]\" \/>\n<meta property=\"og:url\" content=\"https:\/\/www.marbellaholidayrental.es\/es\/aviso-legal\/\" \/>\n<meta property=\"og:site_name\" content=\"Marbella Holiday Rental\" \/>\n<meta property=\"article:publisher\" content=\"https:\/\/www.facebook.com\/marbellaholidayrental\" \/>\n<meta property=\"article:modified_time\" content=\"2022-05-10T10:26:32+00:00\" \/>\n<meta name=\"twitter:card\" content=\"summary_large_image\" \/>\n<meta name=\"twitter:label1\" content=\"Tiempo de lectura\" \/>\n\t<meta name=\"twitter:data1\" content=\"2 minutos\" \/>\n<script type=\"application\/ld+json\" class=\"yoast-schema-graph\">{\"@context\":\"https:\\\/\\\/schema.org\",\"@graph\":[{\"@type\":\"WebPage\",\"@id\":\"https:\\\/\\\/www.marbellaholidayrental.es\\\/es\\\/aviso-legal\\\/\",\"url\":\"https:\\\/\\\/www.marbellaholidayrental.es\\\/es\\\/aviso-legal\\\/\",\"name\":\"Aviso Legal | Marbella Holiday Rental\",\"isPartOf\":{\"@id\":\"https:\\\/\\\/www.marbellaholidayrental.es\\\/es\\\/#website\"},\"datePublished\":\"2022-02-14T16:03:21+00:00\",\"dateModified\":\"2022-05-10T10:26:32+00:00\",\"breadcrumb\":{\"@id\":\"https:\\\/\\\/www.marbellaholidayrental.es\\\/es\\\/aviso-legal\\\/#breadcrumb\"},\"inLanguage\":\"es\",\"potentialAction\":[{\"@type\":\"ReadAction\",\"target\":[\"https:\\\/\\\/www.marbellaholidayrental.es\\\/es\\\/aviso-legal\\\/\"]}]},{\"@type\":\"BreadcrumbList\",\"@id\":\"https:\\\/\\\/www.marbellaholidayrental.es\\\/es\\\/aviso-legal\\\/#breadcrumb\",\"itemListElement\":[{\"@type\":\"ListItem\",\"position\":1,\"name\":\"Portada\",\"item\":\"https:\\\/\\\/www.marbellaholidayrental.es\\\/es\\\/\"},{\"@type\":\"ListItem\",\"position\":2,\"name\":\"Aviso Legal\"}]},{\"@type\":\"WebSite\",\"@id\":\"https:\\\/\\\/www.marbellaholidayrental.es\\\/es\\\/#website\",\"url\":\"https:\\\/\\\/www.marbellaholidayrental.es\\\/es\\\/\",\"name\":\"Marbella Holiday Rental\",\"description\":\"Unforgettable holidays in Marbella\",\"publisher\":{\"@id\":\"https:\\\/\\\/www.marbellaholidayrental.es\\\/es\\\/#organization\"},\"potentialAction\":[{\"@type\":\"SearchAction\",\"target\":{\"@type\":\"EntryPoint\",\"urlTemplate\":\"https:\\\/\\\/www.marbellaholidayrental.es\\\/es\\\/?s={search_term_string}\"},\"query-input\":{\"@type\":\"PropertyValueSpecification\",\"valueRequired\":true,\"valueName\":\"search_term_string\"}}],\"inLanguage\":\"es\"},{\"@type\":\"Organization\",\"@id\":\"https:\\\/\\\/www.marbellaholidayrental.es\\\/es\\\/#organization\",\"name\":\"Marbella Holiday Rental\",\"url\":\"https:\\\/\\\/www.marbellaholidayrental.es\\\/es\\\/\",\"logo\":{\"@type\":\"ImageObject\",\"inLanguage\":\"es\",\"@id\":\"https:\\\/\\\/www.marbellaholidayrental.es\\\/es\\\/#\\\/schema\\\/logo\\\/image\\\/\",\"url\":\"https:\\\/\\\/www.marbellaholidayrental.es\\\/wp-content\\\/uploads\\\/2022\\\/02\\\/Logo-Marbella-Holiday-Rental.png\",\"contentUrl\":\"https:\\\/\\\/www.marbellaholidayrental.es\\\/wp-content\\\/uploads\\\/2022\\\/02\\\/Logo-Marbella-Holiday-Rental.png\",\"width\":1199,\"height\":156,\"caption\":\"Marbella Holiday Rental\"},\"image\":{\"@id\":\"https:\\\/\\\/www.marbellaholidayrental.es\\\/es\\\/#\\\/schema\\\/logo\\\/image\\\/\"},\"sameAs\":[\"https:\\\/\\\/www.facebook.com\\\/marbellaholidayrental\",\"https:\\\/\\\/www.instagram.com\\\/marbellaholidayrental\\\/\"]}]}<\/script>\n<!-- \/ Yoast SEO plugin. -->","yoast_head_json":{"title":"Aviso Legal | Marbella Holiday Rental","robots":{"index":"noindex","follow":"nofollow"},"og_locale":"es_ES","og_type":"article","og_title":"Aviso Legal | Marbella Holiday Rental","og_description":"En cumplimiento con el deber de informaci\u00f3n recogido en art\u00edculo 10 de la Ley 34\/2002, de 11 de julio, de Servicios de la Sociedad de la Informaci\u00f3n y del Comercio Electr\u00f3nico (LSSICE), el propietario de la web www.marbellaholidayrental.es, le informa de lo siguiente: Denominaci\u00f3n social: TERRASOL PROMOCIONES IBICENCAS, S.L. NIF: B83228437 Domicilio: Calle La Morera [&hellip;]","og_url":"https:\/\/www.marbellaholidayrental.es\/es\/aviso-legal\/","og_site_name":"Marbella Holiday Rental","article_publisher":"https:\/\/www.facebook.com\/marbellaholidayrental","article_modified_time":"2022-05-10T10:26:32+00:00","twitter_card":"summary_large_image","twitter_misc":{"Tiempo de lectura":"2 minutos"},"schema":{"@context":"https:\/\/schema.org","@graph":[{"@type":"WebPage","@id":"https:\/\/www.marbellaholidayrental.es\/es\/aviso-legal\/","url":"https:\/\/www.marbellaholidayrental.es\/es\/aviso-legal\/","name":"Aviso Legal | Marbella Holiday Rental","isPartOf":{"@id":"https:\/\/www.marbellaholidayrental.es\/es\/#website"},"datePublished":"2022-02-14T16:03:21+00:00","dateModified":"2022-05-10T10:26:32+00:00","breadcrumb":{"@id":"https:\/\/www.marbellaholidayrental.es\/es\/aviso-legal\/#breadcrumb"},"inLanguage":"es","potentialAction":[{"@type":"ReadAction","target":["https:\/\/www.marbellaholidayrental.es\/es\/aviso-legal\/"]}]},{"@type":"BreadcrumbList","@id":"https:\/\/www.marbellaholidayrental.es\/es\/aviso-legal\/#breadcrumb","itemListElement":[{"@type":"ListItem","position":1,"name":"Portada","item":"https:\/\/www.marbellaholidayrental.es\/es\/"},{"@type":"ListItem","position":2,"name":"Aviso Legal"}]},{"@type":"WebSite","@id":"https:\/\/www.marbellaholidayrental.es\/es\/#website","url":"https:\/\/www.marbellaholidayrental.es\/es\/","name":"Marbella Holiday Rental","description":"Unforgettable holidays in Marbella","publisher":{"@id":"https:\/\/www.marbellaholidayrental.es\/es\/#organization"},"potentialAction":[{"@type":"SearchAction","target":{"@type":"EntryPoint","urlTemplate":"https:\/\/www.marbellaholidayrental.es\/es\/?s={search_term_string}"},"query-input":{"@type":"PropertyValueSpecification","valueRequired":true,"valueName":"search_term_string"}}],"inLanguage":"es"},{"@type":"Organization","@id":"https:\/\/www.marbellaholidayrental.es\/es\/#organization","name":"Marbella Holiday Rental","url":"https:\/\/www.marbellaholidayrental.es\/es\/","logo":{"@type":"ImageObject","inLanguage":"es","@id":"https:\/\/www.marbellaholidayrental.es\/es\/#\/schema\/logo\/image\/","url":"https:\/\/www.marbellaholidayrental.es\/wp-content\/uploads\/2022\/02\/Logo-Marbella-Holiday-Rental.png","contentUrl":"https:\/\/www.marbellaholidayrental.es\/wp-content\/uploads\/2022\/02\/Logo-Marbella-Holiday-Rental.png","width":1199,"height":156,"caption":"Marbella Holiday Rental"},"image":{"@id":"https:\/\/www.marbellaholidayrental.es\/es\/#\/schema\/logo\/image\/"},"sameAs":["https:\/\/www.facebook.com\/marbellaholidayrental","https:\/\/www.instagram.com\/marbellaholidayrental\/"]}]}},"_links":{"self":[{"href":"https:\/\/www.marbellaholidayrental.es\/es\/wp-json\/wp\/v2\/pages\/2388","targetHints":{"allow":["GET"]}}],"collection":[{"href":"https:\/\/www.marbellaholidayrental.es\/es\/wp-json\/wp\/v2\/pages"}],"about":[{"href":"https:\/\/www.marbellaholidayrental.es\/es\/wp-json\/wp\/v2\/types\/page"}],"author":[{"embeddable":true,"href":"https:\/\/www.marbellaholidayrental.es\/es\/wp-json\/wp\/v2\/users\/1"}],"replies":[{"embeddable":true,"href":"https:\/\/www.marbellaholidayrental.es\/es\/wp-json\/wp\/v2\/comments?post=2388"}],"version-history":[{"count":2,"href":"https:\/\/www.marbellaholidayrental.es\/es\/wp-json\/wp\/v2\/pages\/2388\/revisions"}],"predecessor-version":[{"id":2609,"href":"https:\/\/www.marbellaholidayrental.es\/es\/wp-json\/wp\/v2\/pages\/2388\/revisions\/2609"}],"wp:attachment":[{"href":"https:\/\/www.marbellaholidayrental.es\/es\/wp-json\/wp\/v2\/media?parent=2388"}],"curies":[{"name":"wp","href":"https:\/\/api.w.org\/{rel}","templated":true}]}}