{"id":2390,"date":"2022-02-14T16:05:55","date_gmt":"2022-02-14T16:05:55","guid":{"rendered":"https:\/\/www.marbellaholidayrental.es\/politica-de-cookies\/"},"modified":"2023-09-26T15:16:14","modified_gmt":"2023-09-26T15:16:14","slug":"politica-de-cookies","status":"publish","type":"page","link":"https:\/\/www.marbellaholidayrental.es\/es\/politica-de-cookies\/","title":{"rendered":"Pol\u00edtica de Cookies"},"content":{"rendered":"\t\t<div data-elementor-type=\"wp-page\" data-elementor-id=\"2390\" class=\"elementor elementor-2390 elementor-1609\" data-elementor-post-type=\"page\">\n\t\t\t\t\t\t<section class=\"elementor-section elementor-top-section elementor-element elementor-element-2741137 elementor-section-boxed elementor-section-height-default elementor-section-height-default\" data-id=\"2741137\" data-element_type=\"section\" data-e-type=\"section\">\n\t\t\t\t\t\t<div class=\"elementor-container elementor-column-gap-default\">\n\t\t\t\t\t<div class=\"elementor-column elementor-col-100 elementor-top-column elementor-element elementor-element-5ffe08d\" data-id=\"5ffe08d\" data-element_type=\"column\" data-e-type=\"column\">\n\t\t\t<div class=\"elementor-widget-wrap elementor-element-populated\">\n\t\t\t\t\t\t<div class=\"elementor-element elementor-element-c44a917 elementor-widget elementor-widget-heading\" data-id=\"c44a917\" data-element_type=\"widget\" data-e-type=\"widget\" data-widget_type=\"heading.default\">\n\t\t\t\t<div class=\"elementor-widget-container\">\n\t\t\t\t\t<h1 class=\"elementor-heading-title elementor-size-default\">Pol\u00edtica de Cookies<\/h1>\t\t\t\t<\/div>\n\t\t\t\t<\/div>\n\t\t\t\t<div class=\"elementor-element elementor-element-0418309 elementor-widget elementor-widget-text-editor\" data-id=\"0418309\" data-element_type=\"widget\" data-e-type=\"widget\" data-widget_type=\"text-editor.default\">\n\t\t\t\t<div class=\"elementor-widget-container\">\n\t\t\t\t\t\t\t\t\t<style>\n    a.cky-banner-element {\n        padding: 8px 30px;\n        background: #F8F9FA;\n        color: #858A8F;\n        border: 1px solid #DEE2E6;\n        box-sizing: border-box;\n        border-radius: 2px;\n        cursor: pointer;\n}\n<\/style>\n<h1 class=\"cookie-policy-h1\">Pol\u00edtica de Cookies<\/h1>\n<p>\n    Fecha de vigencia: 26-Sep-2023 <br>\n    \u00daltima actualizaci\u00f3n: 26-Sep-2023\n<\/p>\n\n&nbsp;\n<h5>\u00bfQu\u00e9 son las cookies?<\/h5>\n<div class=\"cookie-policy-p\"><p>Esta Pol\u00edtica de Cookies explica qu\u00e9 son las cookies y c\u00f3mo las utilizamos, los tipos de cookies que utilizamos, es decir, la informaci\u00f3n que recopilamos mediante cookies y c\u00f3mo se utiliza esa informaci\u00f3n, as\u00ed como c\u00f3mo gestionar la configuraci\u00f3n de las cookies.<\/p> <p>Las cookies son peque\u00f1os archivos de texto que se utilizan para almacenar peque\u00f1as piezas de informaci\u00f3n. Se almacenan en su dispositivo cuando el sitio web se carga en su navegador. Estas cookies nos ayudan a que el sitio web funcione correctamente, a hacerlo m\u00e1s seguro, a proporcionar una mejor experiencia de usuario y a comprender c\u00f3mo funciona el sitio web, y a analizar qu\u00e9 funciona y d\u00f3nde necesita mejoras.<\/p><\/div>\n\n&nbsp;\n<h5>\u00bfC\u00f3mo utilizamos las cookies?<\/h5>\n<div class=\"cookie-policy-p\"><p>Al igual que la mayor\u00eda de los servicios en l\u00ednea, nuestro sitio web utiliza cookies propias y cookies de terceros con varios prop\u00f3sitos. Las cookies propias son principalmente necesarias para que el sitio web funcione de la manera adecuada, y no recopilan ning\u00fan dato personal identificable.<\/p> <p>Las cookies de terceros utilizadas en nuestro sitio web son principalmente para comprender c\u00f3mo funciona el sitio web, c\u00f3mo interact\u00faa usted con nuestro sitio web, mantener nuestros servicios seguros, proporcionar anuncios relevantes para usted y, en definitiva, ofrecerle una experiencia de usuario mejorada y ayudar a acelerar sus futuras interacciones con nuestro sitio web.<\/p><\/div>\n\n&nbsp;\n<h5>Tipos de cookies que utilizamos<\/h5>\n\n<div class=\"cky-audit-table-element\"><\/div>\n\n&nbsp;\n<h5 style=\"margin-bottom:20px;\">Gestionar preferencias de cookies<\/h5>\n\n<a class=\"cky-banner-element\">Configuraci\u00f3n de Cookies<\/a> <br\/>\n\n<div><p>Puede cambiar sus preferencias de cookies en cualquier momento haciendo clic en el bot\u00f3n anterior. Esto le permitir\u00e1 volver a la ventana de consentimiento de cookies y cambiar sus preferencias o retirar su consentimiento de inmediato. <\/p> <p>Adem\u00e1s de esto, los diferentes navegadores ofrecen diferentes m\u00e9todos para bloquear y eliminar cookies utilizadas por los sitios web. Puede cambiar la configuraci\u00f3n de su navegador para bloquear o eliminar las cookies. A continuaci\u00f3n, se encuentran los enlaces a los documentos de soporte sobre c\u00f3mo gestionar y eliminar cookies de los principales navegadores web.<\/p> <p>Chrome: <a href=\"https:\/\/support.google.com\/accounts\/answer\/32050\" target=\"_blank\">https:\/\/support.google.com\/accounts\/answer\/32050<\/a><\/p><p>Safari: <a href=\"https:\/\/support.apple.com\/en-in\/guide\/safari\/sfri11471\/mac\" target=\"_blank\">https:\/\/support.apple.com\/en-in\/guide\/safari\/sfri11471\/mac<\/a><\/p><p>Firefox: <a href=\"https:\/\/support.mozilla.org\/en-US\/kb\/clear-cookies-and-site-data-firefox?redirectslug=delete-cookies-remove-info-websites-stored&#038;redirectlocale=en-US\" target=\"_blank\">https:\/\/support.mozilla.org\/en-US\/kb\/clear-cookies-and-site-data-firefox?redirectslug=delete-cookies-remove-info-websites-stored&#038;redirectlocale=en-US<\/a><\/p><p>Internet Explorer: <a href=\"https:\/\/support.microsoft.com\/en-us\/topic\/how-to-delete-cookie-files-in-internet-explorer-bca9446f-d873-78de-77ba-d42645fa52fc\" target=\"_blank\">https:\/\/support.microsoft.com\/en-us\/topic\/how-to-delete-cookie-files-in-internet-explorer-bca9446f-d873-78de-77ba-d42645fa52fc<\/a><\/p><p>Si est\u00e1 utilizando otro navegador web, visite los documentos de soporte oficial de su navegador.<\/p><\/div>\n\n\n&nbsp;\n<p class=\"cookie-policy-p\">\n    Pol\u00edtica de Cookies Generada Por  <a target=\"_blank\" href=\"https:\/\/www.cookieyes.com\/?utm_source=CP&#038;utm_medium=footer&#038;utm_campaign=UW\">CookieYes &#8211; Generador de Pol\u00edtica de Cookies<\/a>.\n<\/p>\n\t\t\t\t\t\t\t\t<\/div>\n\t\t\t\t<\/div>\n\t\t\t\t\t<\/div>\n\t\t<\/div>\n\t\t\t\t\t<\/div>\n\t\t<\/section>\n\t\t\t\t<\/div>\n\t\t","protected":false},"excerpt":{"rendered":"<p>Pol\u00edtica de Cookies Fecha de vigencia: 26-Sep-2023 \u00daltima actualizaci\u00f3n: 26-Sep-2023 &nbsp; \u00bfQu\u00e9 son las cookies? Esta Pol\u00edtica de Cookies explica qu\u00e9 son las cookies y c\u00f3mo las utilizamos, los tipos de cookies que utilizamos, es decir, la informaci\u00f3n que recopilamos mediante cookies y c\u00f3mo se utiliza esa informaci\u00f3n, as\u00ed como c\u00f3mo gestionar la configuraci\u00f3n de [&hellip;]<\/p>\n","protected":false},"author":1,"featured_media":0,"parent":0,"menu_order":0,"comment_status":"closed","ping_status":"closed","template":"elementor_header_footer","meta":{"footnotes":""},"class_list":["post-2390","page","type-page","status-publish","hentry"],"yoast_head":"<!-- This site is optimized with the Yoast SEO plugin v27.4 - https:\/\/yoast.com\/product\/yoast-seo-wordpress\/ -->\n<title>Pol\u00edtica de Cookies | Marbella Holiday Rental<\/title>\n<meta name=\"robots\" content=\"noindex, follow\" \/>\n<meta property=\"og:locale\" content=\"es_ES\" \/>\n<meta property=\"og:type\" content=\"article\" \/>\n<meta property=\"og:title\" content=\"Pol\u00edtica de Cookies | Marbella Holiday Rental\" \/>\n<meta property=\"og:description\" content=\"Pol\u00edtica de Cookies Fecha de vigencia: 26-Sep-2023 \u00daltima actualizaci\u00f3n: 26-Sep-2023 &nbsp; \u00bfQu\u00e9 son las cookies? Esta Pol\u00edtica de Cookies explica qu\u00e9 son las cookies y c\u00f3mo las utilizamos, los tipos de cookies que utilizamos, es decir, la informaci\u00f3n que recopilamos mediante cookies y c\u00f3mo se utiliza esa informaci\u00f3n, as\u00ed como c\u00f3mo gestionar la configuraci\u00f3n de [&hellip;]\" \/>\n<meta property=\"og:url\" content=\"https:\/\/www.marbellaholidayrental.es\/es\/politica-de-cookies\/\" \/>\n<meta property=\"og:site_name\" content=\"Marbella Holiday Rental\" \/>\n<meta property=\"article:publisher\" content=\"https:\/\/www.facebook.com\/marbellaholidayrental\" \/>\n<meta property=\"article:modified_time\" content=\"2023-09-26T15:16:14+00:00\" \/>\n<meta name=\"twitter:card\" content=\"summary_large_image\" \/>\n<meta name=\"twitter:label1\" content=\"Tiempo de lectura\" \/>\n\t<meta name=\"twitter:data1\" content=\"2 minutos\" \/>\n<script type=\"application\/ld+json\" class=\"yoast-schema-graph\">{\"@context\":\"https:\\\/\\\/schema.org\",\"@graph\":[{\"@type\":\"WebPage\",\"@id\":\"https:\\\/\\\/www.marbellaholidayrental.es\\\/es\\\/politica-de-cookies\\\/\",\"url\":\"https:\\\/\\\/www.marbellaholidayrental.es\\\/es\\\/politica-de-cookies\\\/\",\"name\":\"Pol\u00edtica de Cookies | Marbella Holiday Rental\",\"isPartOf\":{\"@id\":\"https:\\\/\\\/www.marbellaholidayrental.es\\\/es\\\/#website\"},\"datePublished\":\"2022-02-14T16:05:55+00:00\",\"dateModified\":\"2023-09-26T15:16:14+00:00\",\"breadcrumb\":{\"@id\":\"https:\\\/\\\/www.marbellaholidayrental.es\\\/es\\\/politica-de-cookies\\\/#breadcrumb\"},\"inLanguage\":\"es\",\"potentialAction\":[{\"@type\":\"ReadAction\",\"target\":[\"https:\\\/\\\/www.marbellaholidayrental.es\\\/es\\\/politica-de-cookies\\\/\"]}]},{\"@type\":\"BreadcrumbList\",\"@id\":\"https:\\\/\\\/www.marbellaholidayrental.es\\\/es\\\/politica-de-cookies\\\/#breadcrumb\",\"itemListElement\":[{\"@type\":\"ListItem\",\"position\":1,\"name\":\"Portada\",\"item\":\"https:\\\/\\\/www.marbellaholidayrental.es\\\/es\\\/\"},{\"@type\":\"ListItem\",\"position\":2,\"name\":\"Pol\u00edtica de Cookies\"}]},{\"@type\":\"WebSite\",\"@id\":\"https:\\\/\\\/www.marbellaholidayrental.es\\\/es\\\/#website\",\"url\":\"https:\\\/\\\/www.marbellaholidayrental.es\\\/es\\\/\",\"name\":\"Marbella Holiday Rental\",\"description\":\"Unforgettable holidays in Marbella\",\"publisher\":{\"@id\":\"https:\\\/\\\/www.marbellaholidayrental.es\\\/es\\\/#organization\"},\"potentialAction\":[{\"@type\":\"SearchAction\",\"target\":{\"@type\":\"EntryPoint\",\"urlTemplate\":\"https:\\\/\\\/www.marbellaholidayrental.es\\\/es\\\/?s={search_term_string}\"},\"query-input\":{\"@type\":\"PropertyValueSpecification\",\"valueRequired\":true,\"valueName\":\"search_term_string\"}}],\"inLanguage\":\"es\"},{\"@type\":\"Organization\",\"@id\":\"https:\\\/\\\/www.marbellaholidayrental.es\\\/es\\\/#organization\",\"name\":\"Marbella Holiday Rental\",\"url\":\"https:\\\/\\\/www.marbellaholidayrental.es\\\/es\\\/\",\"logo\":{\"@type\":\"ImageObject\",\"inLanguage\":\"es\",\"@id\":\"https:\\\/\\\/www.marbellaholidayrental.es\\\/es\\\/#\\\/schema\\\/logo\\\/image\\\/\",\"url\":\"https:\\\/\\\/www.marbellaholidayrental.es\\\/wp-content\\\/uploads\\\/2022\\\/02\\\/Logo-Marbella-Holiday-Rental.png\",\"contentUrl\":\"https:\\\/\\\/www.marbellaholidayrental.es\\\/wp-content\\\/uploads\\\/2022\\\/02\\\/Logo-Marbella-Holiday-Rental.png\",\"width\":1199,\"height\":156,\"caption\":\"Marbella Holiday Rental\"},\"image\":{\"@id\":\"https:\\\/\\\/www.marbellaholidayrental.es\\\/es\\\/#\\\/schema\\\/logo\\\/image\\\/\"},\"sameAs\":[\"https:\\\/\\\/www.facebook.com\\\/marbellaholidayrental\",\"https:\\\/\\\/www.instagram.com\\\/marbellaholidayrental\\\/\"]}]}<\/script>\n<!-- \/ Yoast SEO plugin. -->","yoast_head_json":{"title":"Pol\u00edtica de Cookies | Marbella Holiday Rental","robots":{"index":"noindex","follow":"follow"},"og_locale":"es_ES","og_type":"article","og_title":"Pol\u00edtica de Cookies | Marbella Holiday Rental","og_description":"Pol\u00edtica de Cookies Fecha de vigencia: 26-Sep-2023 \u00daltima actualizaci\u00f3n: 26-Sep-2023 &nbsp; \u00bfQu\u00e9 son las cookies? Esta Pol\u00edtica de Cookies explica qu\u00e9 son las cookies y c\u00f3mo las utilizamos, los tipos de cookies que utilizamos, es decir, la informaci\u00f3n que recopilamos mediante cookies y c\u00f3mo se utiliza esa informaci\u00f3n, as\u00ed como c\u00f3mo gestionar la configuraci\u00f3n de [&hellip;]","og_url":"https:\/\/www.marbellaholidayrental.es\/es\/politica-de-cookies\/","og_site_name":"Marbella Holiday Rental","article_publisher":"https:\/\/www.facebook.com\/marbellaholidayrental","article_modified_time":"2023-09-26T15:16:14+00:00","twitter_card":"summary_large_image","twitter_misc":{"Tiempo de lectura":"2 minutos"},"schema":{"@context":"https:\/\/schema.org","@graph":[{"@type":"WebPage","@id":"https:\/\/www.marbellaholidayrental.es\/es\/politica-de-cookies\/","url":"https:\/\/www.marbellaholidayrental.es\/es\/politica-de-cookies\/","name":"Pol\u00edtica de Cookies | Marbella Holiday Rental","isPartOf":{"@id":"https:\/\/www.marbellaholidayrental.es\/es\/#website"},"datePublished":"2022-02-14T16:05:55+00:00","dateModified":"2023-09-26T15:16:14+00:00","breadcrumb":{"@id":"https:\/\/www.marbellaholidayrental.es\/es\/politica-de-cookies\/#breadcrumb"},"inLanguage":"es","potentialAction":[{"@type":"ReadAction","target":["https:\/\/www.marbellaholidayrental.es\/es\/politica-de-cookies\/"]}]},{"@type":"BreadcrumbList","@id":"https:\/\/www.marbellaholidayrental.es\/es\/politica-de-cookies\/#breadcrumb","itemListElement":[{"@type":"ListItem","position":1,"name":"Portada","item":"https:\/\/www.marbellaholidayrental.es\/es\/"},{"@type":"ListItem","position":2,"name":"Pol\u00edtica de Cookies"}]},{"@type":"WebSite","@id":"https:\/\/www.marbellaholidayrental.es\/es\/#website","url":"https:\/\/www.marbellaholidayrental.es\/es\/","name":"Marbella Holiday Rental","description":"Unforgettable holidays in Marbella","publisher":{"@id":"https:\/\/www.marbellaholidayrental.es\/es\/#organization"},"potentialAction":[{"@type":"SearchAction","target":{"@type":"EntryPoint","urlTemplate":"https:\/\/www.marbellaholidayrental.es\/es\/?s={search_term_string}"},"query-input":{"@type":"PropertyValueSpecification","valueRequired":true,"valueName":"search_term_string"}}],"inLanguage":"es"},{"@type":"Organization","@id":"https:\/\/www.marbellaholidayrental.es\/es\/#organization","name":"Marbella Holiday Rental","url":"https:\/\/www.marbellaholidayrental.es\/es\/","logo":{"@type":"ImageObject","inLanguage":"es","@id":"https:\/\/www.marbellaholidayrental.es\/es\/#\/schema\/logo\/image\/","url":"https:\/\/www.marbellaholidayrental.es\/wp-content\/uploads\/2022\/02\/Logo-Marbella-Holiday-Rental.png","contentUrl":"https:\/\/www.marbellaholidayrental.es\/wp-content\/uploads\/2022\/02\/Logo-Marbella-Holiday-Rental.png","width":1199,"height":156,"caption":"Marbella Holiday Rental"},"image":{"@id":"https:\/\/www.marbellaholidayrental.es\/es\/#\/schema\/logo\/image\/"},"sameAs":["https:\/\/www.facebook.com\/marbellaholidayrental","https:\/\/www.instagram.com\/marbellaholidayrental\/"]}]}},"_links":{"self":[{"href":"https:\/\/www.marbellaholidayrental.es\/es\/wp-json\/wp\/v2\/pages\/2390","targetHints":{"allow":["GET"]}}],"collection":[{"href":"https:\/\/www.marbellaholidayrental.es\/es\/wp-json\/wp\/v2\/pages"}],"about":[{"href":"https:\/\/www.marbellaholidayrental.es\/es\/wp-json\/wp\/v2\/types\/page"}],"author":[{"embeddable":true,"href":"https:\/\/www.marbellaholidayrental.es\/es\/wp-json\/wp\/v2\/users\/1"}],"replies":[{"embeddable":true,"href":"https:\/\/www.marbellaholidayrental.es\/es\/wp-json\/wp\/v2\/comments?post=2390"}],"version-history":[{"count":7,"href":"https:\/\/www.marbellaholidayrental.es\/es\/wp-json\/wp\/v2\/pages\/2390\/revisions"}],"predecessor-version":[{"id":3746,"href":"https:\/\/www.marbellaholidayrental.es\/es\/wp-json\/wp\/v2\/pages\/2390\/revisions\/3746"}],"wp:attachment":[{"href":"https:\/\/www.marbellaholidayrental.es\/es\/wp-json\/wp\/v2\/media?parent=2390"}],"curies":[{"name":"wp","href":"https:\/\/api.w.org\/{rel}","templated":true}]}}