{"id":2392,"date":"2021-11-24T12:27:02","date_gmt":"2021-11-24T12:27:02","guid":{"rendered":"https:\/\/www.marbellaholidayrental.es\/politica-de-privacidad\/"},"modified":"2022-04-03T14:13:00","modified_gmt":"2022-04-03T14:13:00","slug":"politica-de-privacidad","status":"publish","type":"page","link":"https:\/\/www.marbellaholidayrental.es\/es\/politica-de-privacidad\/","title":{"rendered":"Pol\u00edtica de privacidad"},"content":{"rendered":"\t\t<div data-elementor-type=\"wp-page\" data-elementor-id=\"2392\" class=\"elementor elementor-2392 elementor-3\" data-elementor-post-type=\"page\">\n\t\t\t\t\t\t<section class=\"elementor-section elementor-top-section elementor-element elementor-element-606502bf elementor-section-boxed elementor-section-height-default elementor-section-height-default\" data-id=\"606502bf\" data-element_type=\"section\" data-e-type=\"section\">\n\t\t\t\t\t\t<div class=\"elementor-container elementor-column-gap-default\">\n\t\t\t\t\t<div class=\"elementor-column elementor-col-100 elementor-top-column elementor-element elementor-element-5cee1867\" data-id=\"5cee1867\" data-element_type=\"column\" data-e-type=\"column\">\n\t\t\t<div class=\"elementor-widget-wrap elementor-element-populated\">\n\t\t\t\t\t\t<div class=\"elementor-element elementor-element-52c597d elementor-widget elementor-widget-heading\" data-id=\"52c597d\" data-element_type=\"widget\" data-e-type=\"widget\" data-widget_type=\"heading.default\">\n\t\t\t\t<div class=\"elementor-widget-container\">\n\t\t\t\t\t<h1 class=\"elementor-heading-title elementor-size-default\">Pol\u00edtica de privacidad<\/h1>\t\t\t\t<\/div>\n\t\t\t\t<\/div>\n\t\t\t\t<div class=\"elementor-element elementor-element-17597f1 elementor-widget elementor-widget-text-editor\" data-id=\"17597f1\" data-element_type=\"widget\" data-e-type=\"widget\" data-widget_type=\"text-editor.default\">\n\t\t\t\t<div class=\"elementor-widget-container\">\n\t\t\t\t\t\t\t\t\t\n          \n          \n\n          <p>GAM INTERMEDIACI\u00d3N Y MULTIGESTI\u00d3N, S.L.U. en aplicaci\u00f3n de la normativa vigente en materia de <a href=\"https:\/\/protecciondatos-lopd.com\/auditoria\/proteccion-datos\/\">protecci\u00f3n de datos<\/a> de car\u00e1cter personal, informa que los datos personales que se recogen a trav\u00e9s de los formularios del sitio web: www.marbellaholidayrental.es, se incluyen en los ficheros automatizados espec\u00edficos de usuarios de los servicios de GAM INTERMEDIACI\u00d3N Y MULTIGESTI\u00d3N, S.L.U.<\/p>\n          \n\n          \n          \n\n          \n\n          \n          \n\n          <p>La recogida y tratamiento automatizado de los datos de car\u00e1cter personal tiene como finalidad el mantenimiento de la relaci\u00f3n comercial y el desempe\u00f1o de tareas de informaci\u00f3n, formaci\u00f3n, asesoramiento y otras actividades propias de GAM INTERMEDIACI\u00d3N Y MULTIGESTI\u00d3N, S.L.U.<\/p>\n          \n\n          \n          \n\n          \n\n          \n          \n\n          <p>Estos datos \u00fanicamente ser\u00e1n cedidos a aquellas entidades que sean necesarias con el \u00fanico objetivo de dar cumplimiento a la finalidad anteriormente expuesta.<\/p>\n          \n\n          \n          \n\n          \n\n          \n          \n\n          <p>GAM INTERMEDIACI\u00d3N Y MULTIGESTI\u00d3N, S.L.U. adopta las medidas necesarias para garantizar la seguridad, integridad y confidencialidad de los datos conforme a lo dispuesto en el Reglamento (UE) 2016\/679 del Parlamento Europeo y del Consejo, de 27 de abril de 2016, relativo a la protecci\u00f3n de las personas f\u00edsicas en lo que respecta al tratamiento de datos personales y a la libre circulaci\u00f3n de los mismos, y derogando la antigua LOPD, la nueva Ley Org\u00e1nica 3\/2018, de 5 diciembre, de Protecci\u00f3n de Datos y Garant\u00eda de los Derechos Digitales (LOPDGDD).<\/p>\n          \n\n          \n          \n\n          \n\n          \n          \n\n          <p>El usuario podr\u00e1 en cualquier momento ejercitar los derechos de acceso, oposici\u00f3n, rectificaci\u00f3n, cancelaci\u00f3n, limitaci\u00f3n y portabilidad reconocidos en el citado Reglamento (UE). El ejercicio de estos derechos puede realizarlo el propio usuario a trav\u00e9s de email a: info@marbellaholidayrental.es o en la direcci\u00f3n: Calle La Morera 67, Urbanizaci\u00f3n El Mirador, 29602. M\u00e1laga (Marbella). Tambi\u00e9n puede solicitar la tutela de la A.E.P.D www.aepd.es<\/p>\n          \n\n          \n          \n\n          \n\n          \n          \n\n          <p>El usuario manifiesta que todos los datos facilitados por \u00e9l son ciertos y correctos, y se compromete a mantenerlos actualizados, comunicando los cambios a GAM INTERMEDIACI\u00d3N Y MULTIGESTI\u00d3N, S.L.U.<\/p>\n          \n\n          \n          \n\n          \n\n          \n          \n\n          <p>No se preveen transferencias internacionales de datos.<\/p>\n          \n\n          \n          \n\n          \n\n          \n          \n\n          <p>\n            <strong>Finalidad del tratamiento de los datos personales:<\/strong>\n          <\/p>\n          \n\n          \n          \n\n          \n\n          \n          \n\n          <p>Los datos personales recabados a trav\u00e9s del Sitio Web: www.marbellaholidayrental, son recabados con las siguientes finalidades:<\/p>\n          \n\n          \n          \n\n          \n\n          \n          \n\n          <ol type=\"1\">\n            <li>Env\u00edo de informaci\u00f3n comercial y boletines sobre nuevos servicios ofrecidos en la web y del sector.<\/li>\n            <li>Cumplir con los procesos internos de la empresa en materia de administraci\u00f3n de proveedores y contratistas.<\/li>\n            <li>La transmisi\u00f3n de datos a terceros con los cuales se hayan celebrado contratos con este objeto, para fines comerciales, contractuales, administrativos, de mercadeo y\/o operativos.<\/li>\n            <li>Enviar informaci\u00f3n promocional v\u00eda electr\u00f3nica.<\/li>\n            <li>Facilitar la informaci\u00f3n solicitada por el usuario a trav\u00e9s del formulario de contacto.<\/li>\n            <li>Gesti\u00f3n y solicitud de reservas.<\/li>\n          <\/ol>\n          \n\n          \n          \n\n          \n\n          \n          \n\n          <p>Te recordamos que puedes oponerte al env\u00edo de comunicaciones comerciales por cualquier v\u00eda y en cualquier momento, remitiendo un correo electr\u00f3nico a la direcci\u00f3n anteriormente indicada.<\/p>\n          \n\n          \n          \n\n          \n\n          \n          \n\n          <p>Los campos de dichos registros son de cumplimentaci\u00f3n obligatoria, siendo imposible realizar las finalidades expresadas si no se aportan esos datos.<\/p>\n          \n\n          \n          \n\n          \n\n          \n          \n\n          <p>\u00bfPor cu\u00e1nto tiempo se conservan los datos personales recabados?<\/p>\n          \n\n          \n          \n\n          \n\n          \n          \n\n          <p>Los datos personales proporcionados se conservar\u00e1n mientras se mantenga la relaci\u00f3n comercial o no solicites su supresi\u00f3n y durante el plazo por el cu\u00e1l pudieran derivarse responsabilidades legales por los servicios prestados.<\/p>\n          \n\n          \n          \n\n          \n\n          \n          \n\n          <p>\n            <strong>Legitimaci\u00f3n:<\/strong>\n          <\/p>\n          \n\n          \n          \n\n          \n\n          \n          \n\n          <p>El tratamiento de tus datos se realiza con las siguientes bases jur\u00eddicas que legitiman el mismo:<\/p>\n          \n\n          \n          \n\n          \n\n          \n          \n\n          <ol type=\"1\">\n            <li>La solicitud de informaci\u00f3n y\/o la contrataci\u00f3n de los servicios de GAM INTERMEDIACI\u00d3N Y MULTIGESTI\u00d3N, S.L.U., cuyos t\u00e9rminos y condiciones se pondr\u00e1n a tu disposici\u00f3n en todo caso, de forma previa a una eventual contrataci\u00f3n.<\/li>\n            <li>El consentimiento libre, espec\u00edfico, informado e inequ\u00edvoco, en tanto que te informamos poniendo a tu disposici\u00f3n la presente pol\u00edtica de privacidad, que tras la lectura de la misma, en caso de estar conforme, puedes aceptar mediante una declaraci\u00f3n o una clara acci\u00f3n afirmativa, como el marcado de una casilla dispuesta al efecto.<\/li>\n          <\/ol>\n          \n\n          \n          \n\n          \n\n          \n          \n\n          <p>En caso de que no nos facilites tus datos o lo hagas de forma err\u00f3nea o incompleta, no podremos atender tu solicitud, resultando del todo imposible proporcionarte la informaci\u00f3n solicitada o llevar a cabo la contrataci\u00f3n de los servicios.<\/p>\n          \n\n          \n          \n\n          \n\n          \n          \n\n          <p>\n            <strong>Destinatarios:<\/strong>\n          <\/p>\n          \n\n          \n          \n\n          \n\n          \n          \n\n          <p>Los datos no se comunicar\u00e1n a ning\u00fan tercero ajeno a GAM INTERMEDIACI\u00d3N Y MULTIGESTI\u00d3N, S.L.U. y a sus colaboradores con los que media contrato de encargado de tratamiento, salvo obligaci\u00f3n legal.<\/p>\n          \n\n          \n          \n\n          \n\n          \n          \n\n          <p>\n            <strong>Derechos propiedad intelectual www.marbellaholidayrental.es<\/strong>\n          <\/p>\n          \n\n          \n          \n\n          \n\n          \n          \n\n          <p>GAM INTERMEDIACI\u00d3N Y MULTIGESTI\u00d3N, S.L.U. es titular de todos los derechos de autor, propiedad intelectual, industrial,<em>know how<\/em>&nbsp;y cuantos otros derechos guardan relaci\u00f3n con los contenidos del sitio web www.marbellaholidayrental.es y los servicios ofertados en el mismo, as\u00ed como de los programas necesarios para su implementaci\u00f3n y la informaci\u00f3n relacionada.<\/p>\n          \n\n          \n          \n\n          \n\n          \n          \n\n          <p>No se permite la reproducci\u00f3n, publicaci\u00f3n y\/o uso no estrictamente privado de los contenidos, totales o parciales, del sitio web www.marbellaholidayrental.es sin el consentimiento previo y por escrito.<\/p>\n          \n\n          \n          \n\n          \n\n          \n          \n\n          <p>\n            <strong>Protecci\u00f3n de la informaci\u00f3n alojada<\/strong>\n          <\/p>\n          \n\n          \n          \n\n          \n\n          \n          \n\n          <p>GAM INTERMEDIACI\u00d3N Y MULTIGESTI\u00d3N, S.L.U. realiza copias de seguridad de los contenidos alojados en sus servidores.<\/p>\n          \n\n          \n          \n\n          \n\n          \n          \n\n          <p>\n            <strong>Comunicaciones comerciales<\/strong>\n          <\/p>\n          \n\n          \n          \n\n          \n\n          \n          \n\n          <p>En aplicaci\u00f3n de la LSSI GAM INTERMEDIACI\u00d3N Y MULTIGESTI\u00d3N, S.L.U. no enviar\u00e1 comunicaciones publicitarias o promocionales por correo electr\u00f3nico u otro medio de comunicaci\u00f3n electr\u00f3nica equivalente que previamente no hubieran sido solicitadas o expresamente autorizadas por los destinatarios de las mismas.<\/p>\n          \n\n          \n          \n\n          \n\n          \n          \n\n          <p>En el caso de usuarios con los que exista una relaci\u00f3n contractual previa, GAM INTERMEDIACI\u00d3N Y MULTIGESTI\u00d3N, S.L.U. s\u00ed est\u00e1 autorizado al env\u00edo de comunicaciones comerciales referentes a productos o servicios de GAM INTERMEDIACI\u00d3N Y MULTIGESTI\u00d3N, S.L.U. que sean similares a los que inicialmente fueron objeto de contrataci\u00f3n con el cliente.<\/p>\n          \n\n          \n          \n\n          \n\n          \n          \n\n          <p>En todo caso, el usuario, tras acreditar su identidad, podr\u00e1 solicitar que no se le haga llegar m\u00e1s informaci\u00f3n comercial a trav\u00e9s de los canales de Atenci\u00f3n al Cliente.<\/p>\n          \n\n          \n        \t\t\t\t\t\t\t\t<\/div>\n\t\t\t\t<\/div>\n\t\t\t\t\t<\/div>\n\t\t<\/div>\n\t\t\t\t\t<\/div>\n\t\t<\/section>\n\t\t\t\t<\/div>\n\t\t","protected":false},"excerpt":{"rendered":"<p>GAM INTERMEDIACI\u00d3N Y MULTIGESTI\u00d3N, S.L.U. en aplicaci\u00f3n de la normativa vigente en materia de protecci\u00f3n de datos de car\u00e1cter personal, informa que los datos personales que se recogen a trav\u00e9s de los formularios del sitio web: www.marbellaholidayrental.es, se incluyen en los ficheros automatizados espec\u00edficos de usuarios de los servicios de GAM INTERMEDIACI\u00d3N Y MULTIGESTI\u00d3N, S.L.U. [&hellip;]<\/p>\n","protected":false},"author":1,"featured_media":0,"parent":0,"menu_order":0,"comment_status":"closed","ping_status":"open","template":"elementor_header_footer","meta":{"footnotes":""},"class_list":["post-2392","page","type-page","status-publish","hentry"],"yoast_head":"<!-- This site is optimized with the Yoast SEO plugin v27.4 - https:\/\/yoast.com\/product\/yoast-seo-wordpress\/ -->\n<title>Pol\u00edtica de privacidad | Marbella Holiday Rental<\/title>\n<meta name=\"robots\" content=\"noindex, follow\" \/>\n<meta property=\"og:locale\" content=\"es_ES\" \/>\n<meta property=\"og:type\" content=\"article\" \/>\n<meta property=\"og:title\" content=\"Pol\u00edtica de privacidad | Marbella Holiday Rental\" \/>\n<meta property=\"og:description\" content=\"GAM INTERMEDIACI\u00d3N Y MULTIGESTI\u00d3N, S.L.U. en aplicaci\u00f3n de la normativa vigente en materia de protecci\u00f3n de datos de car\u00e1cter personal, informa que los datos personales que se recogen a trav\u00e9s de los formularios del sitio web: www.marbellaholidayrental.es, se incluyen en los ficheros automatizados espec\u00edficos de usuarios de los servicios de GAM INTERMEDIACI\u00d3N Y MULTIGESTI\u00d3N, S.L.U. [&hellip;]\" \/>\n<meta property=\"og:url\" content=\"https:\/\/www.marbellaholidayrental.es\/es\/politica-de-privacidad\/\" \/>\n<meta property=\"og:site_name\" content=\"Marbella Holiday Rental\" \/>\n<meta property=\"article:publisher\" content=\"https:\/\/www.facebook.com\/marbellaholidayrental\" \/>\n<meta property=\"article:modified_time\" content=\"2022-04-03T14:13:00+00:00\" \/>\n<meta name=\"twitter:card\" content=\"summary_large_image\" \/>\n<meta name=\"twitter:label1\" content=\"Tiempo de lectura\" \/>\n\t<meta name=\"twitter:data1\" content=\"5 minutos\" \/>\n<script type=\"application\/ld+json\" class=\"yoast-schema-graph\">{\"@context\":\"https:\\\/\\\/schema.org\",\"@graph\":[{\"@type\":\"WebPage\",\"@id\":\"https:\\\/\\\/www.marbellaholidayrental.es\\\/es\\\/politica-de-privacidad\\\/\",\"url\":\"https:\\\/\\\/www.marbellaholidayrental.es\\\/es\\\/politica-de-privacidad\\\/\",\"name\":\"Pol\u00edtica de privacidad | Marbella Holiday Rental\",\"isPartOf\":{\"@id\":\"https:\\\/\\\/www.marbellaholidayrental.es\\\/es\\\/#website\"},\"datePublished\":\"2021-11-24T12:27:02+00:00\",\"dateModified\":\"2022-04-03T14:13:00+00:00\",\"breadcrumb\":{\"@id\":\"https:\\\/\\\/www.marbellaholidayrental.es\\\/es\\\/politica-de-privacidad\\\/#breadcrumb\"},\"inLanguage\":\"es\",\"potentialAction\":[{\"@type\":\"ReadAction\",\"target\":[\"https:\\\/\\\/www.marbellaholidayrental.es\\\/es\\\/politica-de-privacidad\\\/\"]}]},{\"@type\":\"BreadcrumbList\",\"@id\":\"https:\\\/\\\/www.marbellaholidayrental.es\\\/es\\\/politica-de-privacidad\\\/#breadcrumb\",\"itemListElement\":[{\"@type\":\"ListItem\",\"position\":1,\"name\":\"Portada\",\"item\":\"https:\\\/\\\/www.marbellaholidayrental.es\\\/es\\\/\"},{\"@type\":\"ListItem\",\"position\":2,\"name\":\"Pol\u00edtica de privacidad\"}]},{\"@type\":\"WebSite\",\"@id\":\"https:\\\/\\\/www.marbellaholidayrental.es\\\/es\\\/#website\",\"url\":\"https:\\\/\\\/www.marbellaholidayrental.es\\\/es\\\/\",\"name\":\"Marbella Holiday Rental\",\"description\":\"Unforgettable holidays in Marbella\",\"publisher\":{\"@id\":\"https:\\\/\\\/www.marbellaholidayrental.es\\\/es\\\/#organization\"},\"potentialAction\":[{\"@type\":\"SearchAction\",\"target\":{\"@type\":\"EntryPoint\",\"urlTemplate\":\"https:\\\/\\\/www.marbellaholidayrental.es\\\/es\\\/?s={search_term_string}\"},\"query-input\":{\"@type\":\"PropertyValueSpecification\",\"valueRequired\":true,\"valueName\":\"search_term_string\"}}],\"inLanguage\":\"es\"},{\"@type\":\"Organization\",\"@id\":\"https:\\\/\\\/www.marbellaholidayrental.es\\\/es\\\/#organization\",\"name\":\"Marbella Holiday Rental\",\"url\":\"https:\\\/\\\/www.marbellaholidayrental.es\\\/es\\\/\",\"logo\":{\"@type\":\"ImageObject\",\"inLanguage\":\"es\",\"@id\":\"https:\\\/\\\/www.marbellaholidayrental.es\\\/es\\\/#\\\/schema\\\/logo\\\/image\\\/\",\"url\":\"https:\\\/\\\/www.marbellaholidayrental.es\\\/wp-content\\\/uploads\\\/2022\\\/02\\\/Logo-Marbella-Holiday-Rental.png\",\"contentUrl\":\"https:\\\/\\\/www.marbellaholidayrental.es\\\/wp-content\\\/uploads\\\/2022\\\/02\\\/Logo-Marbella-Holiday-Rental.png\",\"width\":1199,\"height\":156,\"caption\":\"Marbella Holiday Rental\"},\"image\":{\"@id\":\"https:\\\/\\\/www.marbellaholidayrental.es\\\/es\\\/#\\\/schema\\\/logo\\\/image\\\/\"},\"sameAs\":[\"https:\\\/\\\/www.facebook.com\\\/marbellaholidayrental\",\"https:\\\/\\\/www.instagram.com\\\/marbellaholidayrental\\\/\"]}]}<\/script>\n<!-- \/ Yoast SEO plugin. -->","yoast_head_json":{"title":"Pol\u00edtica de privacidad | Marbella Holiday Rental","robots":{"index":"noindex","follow":"follow"},"og_locale":"es_ES","og_type":"article","og_title":"Pol\u00edtica de privacidad | Marbella Holiday Rental","og_description":"GAM INTERMEDIACI\u00d3N Y MULTIGESTI\u00d3N, S.L.U. en aplicaci\u00f3n de la normativa vigente en materia de protecci\u00f3n de datos de car\u00e1cter personal, informa que los datos personales que se recogen a trav\u00e9s de los formularios del sitio web: www.marbellaholidayrental.es, se incluyen en los ficheros automatizados espec\u00edficos de usuarios de los servicios de GAM INTERMEDIACI\u00d3N Y MULTIGESTI\u00d3N, S.L.U. [&hellip;]","og_url":"https:\/\/www.marbellaholidayrental.es\/es\/politica-de-privacidad\/","og_site_name":"Marbella Holiday Rental","article_publisher":"https:\/\/www.facebook.com\/marbellaholidayrental","article_modified_time":"2022-04-03T14:13:00+00:00","twitter_card":"summary_large_image","twitter_misc":{"Tiempo de lectura":"5 minutos"},"schema":{"@context":"https:\/\/schema.org","@graph":[{"@type":"WebPage","@id":"https:\/\/www.marbellaholidayrental.es\/es\/politica-de-privacidad\/","url":"https:\/\/www.marbellaholidayrental.es\/es\/politica-de-privacidad\/","name":"Pol\u00edtica de privacidad | Marbella Holiday Rental","isPartOf":{"@id":"https:\/\/www.marbellaholidayrental.es\/es\/#website"},"datePublished":"2021-11-24T12:27:02+00:00","dateModified":"2022-04-03T14:13:00+00:00","breadcrumb":{"@id":"https:\/\/www.marbellaholidayrental.es\/es\/politica-de-privacidad\/#breadcrumb"},"inLanguage":"es","potentialAction":[{"@type":"ReadAction","target":["https:\/\/www.marbellaholidayrental.es\/es\/politica-de-privacidad\/"]}]},{"@type":"BreadcrumbList","@id":"https:\/\/www.marbellaholidayrental.es\/es\/politica-de-privacidad\/#breadcrumb","itemListElement":[{"@type":"ListItem","position":1,"name":"Portada","item":"https:\/\/www.marbellaholidayrental.es\/es\/"},{"@type":"ListItem","position":2,"name":"Pol\u00edtica de privacidad"}]},{"@type":"WebSite","@id":"https:\/\/www.marbellaholidayrental.es\/es\/#website","url":"https:\/\/www.marbellaholidayrental.es\/es\/","name":"Marbella Holiday Rental","description":"Unforgettable holidays in Marbella","publisher":{"@id":"https:\/\/www.marbellaholidayrental.es\/es\/#organization"},"potentialAction":[{"@type":"SearchAction","target":{"@type":"EntryPoint","urlTemplate":"https:\/\/www.marbellaholidayrental.es\/es\/?s={search_term_string}"},"query-input":{"@type":"PropertyValueSpecification","valueRequired":true,"valueName":"search_term_string"}}],"inLanguage":"es"},{"@type":"Organization","@id":"https:\/\/www.marbellaholidayrental.es\/es\/#organization","name":"Marbella Holiday Rental","url":"https:\/\/www.marbellaholidayrental.es\/es\/","logo":{"@type":"ImageObject","inLanguage":"es","@id":"https:\/\/www.marbellaholidayrental.es\/es\/#\/schema\/logo\/image\/","url":"https:\/\/www.marbellaholidayrental.es\/wp-content\/uploads\/2022\/02\/Logo-Marbella-Holiday-Rental.png","contentUrl":"https:\/\/www.marbellaholidayrental.es\/wp-content\/uploads\/2022\/02\/Logo-Marbella-Holiday-Rental.png","width":1199,"height":156,"caption":"Marbella Holiday Rental"},"image":{"@id":"https:\/\/www.marbellaholidayrental.es\/es\/#\/schema\/logo\/image\/"},"sameAs":["https:\/\/www.facebook.com\/marbellaholidayrental","https:\/\/www.instagram.com\/marbellaholidayrental\/"]}]}},"_links":{"self":[{"href":"https:\/\/www.marbellaholidayrental.es\/es\/wp-json\/wp\/v2\/pages\/2392","targetHints":{"allow":["GET"]}}],"collection":[{"href":"https:\/\/www.marbellaholidayrental.es\/es\/wp-json\/wp\/v2\/pages"}],"about":[{"href":"https:\/\/www.marbellaholidayrental.es\/es\/wp-json\/wp\/v2\/types\/page"}],"author":[{"embeddable":true,"href":"https:\/\/www.marbellaholidayrental.es\/es\/wp-json\/wp\/v2\/users\/1"}],"replies":[{"embeddable":true,"href":"https:\/\/www.marbellaholidayrental.es\/es\/wp-json\/wp\/v2\/comments?post=2392"}],"version-history":[{"count":3,"href":"https:\/\/www.marbellaholidayrental.es\/es\/wp-json\/wp\/v2\/pages\/2392\/revisions"}],"predecessor-version":[{"id":2395,"href":"https:\/\/www.marbellaholidayrental.es\/es\/wp-json\/wp\/v2\/pages\/2392\/revisions\/2395"}],"wp:attachment":[{"href":"https:\/\/www.marbellaholidayrental.es\/es\/wp-json\/wp\/v2\/media?parent=2392"}],"curies":[{"name":"wp","href":"https:\/\/api.w.org\/{rel}","templated":true}]}}